{"id":1599,"date":"2026-01-16T23:20:28","date_gmt":"2026-01-17T02:20:28","guid":{"rendered":"https:\/\/loboelira.com.br\/the-team\/marcos-rolim-da-silva\/"},"modified":"2026-05-02T14:28:27","modified_gmt":"2026-05-02T17:28:27","slug":"marcos-rolim-da-silva","status":"publish","type":"page","link":"https:\/\/loboelira.com.br\/en\/the-team\/marcos-rolim-da-silva\/","title":{"rendered":"Marcos Rolim da Silva"},"content":{"rendered":"\t\t<div data-elementor-type=\"wp-page\" data-elementor-id=\"1599\" class=\"elementor elementor-1599 elementor-696\" data-elementor-post-type=\"page\">\n\t\t\t\t<div class=\"elementor-element elementor-element-470df98d e-con-full e-flex e-con e-parent\" data-id=\"470df98d\" data-element_type=\"container\" data-e-type=\"container\">\n\t\t\t\t<div class=\"elementor-element elementor-element-10be6aa6 elementor--h-position-center elementor--v-position-middle elementor-arrows-position-inside elementor-pagination-position-inside elementor-widget elementor-widget-slides\" data-id=\"10be6aa6\" data-element_type=\"widget\" data-e-type=\"widget\" data-settings=\"{&quot;navigation&quot;:&quot;both&quot;,&quot;autoplay&quot;:&quot;yes&quot;,&quot;pause_on_hover&quot;:&quot;yes&quot;,&quot;pause_on_interaction&quot;:&quot;yes&quot;,&quot;autoplay_speed&quot;:5000,&quot;infinite&quot;:&quot;yes&quot;,&quot;transition&quot;:&quot;slide&quot;,&quot;transition_speed&quot;:500}\" data-widget_type=\"slides.default\">\n\t\t\t\t\t\t\t\t\t\t<div class=\"elementor-slides-wrapper elementor-main-swiper swiper\" role=\"region\" aria-roledescription=\"carousel\" aria-label=\"Slides\" dir=\"ltr\" data-animation=\"fadeInUp\">\n\t\t\t\t<div class=\"swiper-wrapper elementor-slides\">\n\t\t\t\t\t\t\t\t\t\t<div class=\"elementor-repeater-item-401ae12 swiper-slide\" role=\"group\" aria-roledescription=\"slide\"><div class=\"swiper-slide-bg\" role=\"img\" aria-label=\"Equipe-Lobo-e-Lira-930\"><\/div><div class=\"swiper-slide-inner\" ><div class=\"swiper-slide-contents\"><\/div><\/div><\/div>\t\t\t\t<\/div>\n\t\t\t\t\t\t\t<\/div>\n\t\t\t\t\t\t\t\t<\/div>\n\t\t\t\t<\/div>\n\t\t<div class=\"elementor-element elementor-element-3581f8d0 e-flex e-con-boxed e-con e-parent\" data-id=\"3581f8d0\" data-element_type=\"container\" data-e-type=\"container\">\n\t\t\t\t\t<div class=\"e-con-inner\">\n\t\t<div class=\"elementor-element elementor-element-113ea719 e-con-full e-flex e-con e-child\" data-id=\"113ea719\" data-element_type=\"container\" data-e-type=\"container\" data-settings=\"{&quot;background_background&quot;:&quot;classic&quot;}\">\n\t\t\t\t<div class=\"elementor-element elementor-element-619f5dbc elementor-widget elementor-widget-heading\" data-id=\"619f5dbc\" data-element_type=\"widget\" data-e-type=\"widget\" data-widget_type=\"heading.default\">\n\t\t\t\t\t<h2 class=\"elementor-heading-title elementor-size-default\">THE TEAM<\/h2>\t\t\t\t<\/div>\n\t\t\t\t<div class=\"elementor-element elementor-element-4004a7e2 elementor-widget-divider--view-line elementor-widget elementor-widget-divider\" data-id=\"4004a7e2\" data-element_type=\"widget\" data-e-type=\"widget\" data-widget_type=\"divider.default\">\n\t\t\t\t\t\t\t<div class=\"elementor-divider\">\n\t\t\t<span class=\"elementor-divider-separator\">\n\t\t\t\t\t\t<\/span>\n\t\t<\/div>\n\t\t\t\t\t\t<\/div>\n\t\t\t\t<\/div>\n\t\t\t\t\t<\/div>\n\t\t\t\t<\/div>\n\t\t<div class=\"elementor-element elementor-element-596dbf3f e-flex e-con-boxed e-con e-parent\" data-id=\"596dbf3f\" data-element_type=\"container\" data-e-type=\"container\">\n\t\t\t\t\t<div class=\"e-con-inner\">\n\t\t\t\t<div class=\"elementor-element elementor-element-2a0e13c5 elementor-widget elementor-widget-button\" data-id=\"2a0e13c5\" data-element_type=\"widget\" data-e-type=\"widget\" data-widget_type=\"button.default\">\n\t\t\t\t\t\t\t\t\t\t<a class=\"elementor-button elementor-button-link elementor-size-sm\" href=\"https:\/\/loboelira.com.br\/en\/the-team\/\">\n\t\t\t\t\t\t<span class=\"elementor-button-content-wrapper\">\n\t\t\t\t\t\t<span class=\"elementor-button-icon\">\n\t\t\t\t<svg aria-hidden=\"true\" class=\"e-font-icon-svg e-fas-long-arrow-alt-left\" viewBox=\"0 0 448 512\" xmlns=\"http:\/\/www.w3.org\/2000\/svg\"><path d=\"M134.059 296H436c6.627 0 12-5.373 12-12v-56c0-6.627-5.373-12-12-12H134.059v-46.059c0-21.382-25.851-32.09-40.971-16.971L7.029 239.029c-9.373 9.373-9.373 24.569 0 33.941l86.059 86.059c15.119 15.119 40.971 4.411 40.971-16.971V296z\"><\/path><\/svg>\t\t\t<\/span>\n\t\t\t\t\t\t\t\t\t<span class=\"elementor-button-text\">go back<\/span>\n\t\t\t\t\t<\/span>\n\t\t\t\t\t<\/a>\n\t\t\t\t\t\t\t\t<\/div>\n\t\t\t\t\t<\/div>\n\t\t\t\t<\/div>\n\t\t<div class=\"elementor-element elementor-element-2452df93 e-flex e-con-boxed e-con e-parent\" data-id=\"2452df93\" data-element_type=\"container\" data-e-type=\"container\">\n\t\t\t\t\t<div class=\"e-con-inner\">\n\t\t<div class=\"elementor-element elementor-element-109cac9f e-con-full e-flex e-con e-child\" data-id=\"109cac9f\" data-element_type=\"container\" data-e-type=\"container\">\n\t\t\t\t<div class=\"elementor-element elementor-element-1b43c25 elementor-widget elementor-widget-image\" data-id=\"1b43c25\" data-element_type=\"widget\" data-e-type=\"widget\" data-widget_type=\"image.default\">\n\t\t\t\t\t\t\t\t\t\t\t\t\t\t\t<img fetchpriority=\"high\" decoding=\"async\" width=\"450\" height=\"377\" src=\"https:\/\/loboelira.com.br\/wp-content\/uploads\/2026\/01\/Marcos-Rolim-da-Silva.webp\" class=\"attachment-large size-large wp-image-1494\" alt=\"\" srcset=\"https:\/\/loboelira.com.br\/wp-content\/uploads\/2026\/01\/Marcos-Rolim-da-Silva.webp 450w, https:\/\/loboelira.com.br\/wp-content\/uploads\/2026\/01\/Marcos-Rolim-da-Silva-300x251.webp 300w\" sizes=\"(max-width: 450px) 100vw, 450px\" \/>\t\t\t\t\t\t\t\t\t\t\t\t\t\t\t<\/div>\n\t\t\t\t<\/div>\n\t\t<div class=\"elementor-element elementor-element-58b6167e e-con-full e-flex e-con e-child\" data-id=\"58b6167e\" data-element_type=\"container\" data-e-type=\"container\">\n\t\t\t\t<div class=\"elementor-element elementor-element-155c2b1c elementor-widget elementor-widget-heading\" data-id=\"155c2b1c\" data-element_type=\"widget\" data-e-type=\"widget\" data-widget_type=\"heading.default\">\n\t\t\t\t\t<h2 class=\"elementor-heading-title elementor-size-default\">Marcos Rolim da Silva<\/h2>\t\t\t\t<\/div>\n\t\t\t\t<div class=\"elementor-element elementor-element-4805029c elementor-widget elementor-widget-text-editor\" data-id=\"4805029c\" data-element_type=\"widget\" data-e-type=\"widget\" data-widget_type=\"text-editor.default\">\n\t\t\t\t\t\t\t\t\tMarcos Rolim da Silva is a Ph.D. candidate and holds a Master\u2019s degree in Civil Procedure from the University of S\u00e3o Paulo (USP) Law School. He earned his law degree from the Federal University of Par\u00e1.<br>He is a member of the Special Committee on Civil Procedure of the S\u00e3o Paulo State Bar Association (OAB\/SP), the Brazilian Institute of Civil Procedure (IBDP), and the North-Northeast Association of Civil Procedure Professors (ANNEP). He is the author of a book and several scholarly articles on collective and structural litigation.<br>Marcos joined Lobo &amp; Ibeas in May 2016 and remained with the firm following its restructuring and the formation of Lobo &amp; Lira Advogados.<br>His practice focuses on strategic and real estate litigation, with particular emphasis on representing the shopping center industry, including at the institutional level. He has extensive experience handling constitutional litigation \u2014 such as direct actions of unconstitutionality and collective writs of mandamus \u2014 before state courts throughout Brazil and before the higher courts.<br>Admitted to practice in Brazil (S\u00e3o Paulo State Bar Association \u2013 OAB\/RJ).        \t\t\t\t\t\t\t\t<\/div>\n\t\t\t\t<\/div>\n\t\t\t\t\t<\/div>\n\t\t\t\t<\/div>\n\t\t<div class=\"elementor-element elementor-element-2a7f3e0f elementor-hidden-desktop e-flex e-con-boxed e-con e-parent\" data-id=\"2a7f3e0f\" data-element_type=\"container\" data-e-type=\"container\">\n\t\t\t\t\t<div class=\"e-con-inner\">\n\t\t\t\t<div class=\"elementor-element elementor-element-29cb5daf elementor-widget elementor-widget-button\" data-id=\"29cb5daf\" data-element_type=\"widget\" data-e-type=\"widget\" data-widget_type=\"button.default\">\n\t\t\t\t\t\t\t\t\t\t<a class=\"elementor-button elementor-button-link elementor-size-sm\" href=\"https:\/\/loboelira.com.br\/en\/the-team\/\">\n\t\t\t\t\t\t<span class=\"elementor-button-content-wrapper\">\n\t\t\t\t\t\t<span class=\"elementor-button-icon\">\n\t\t\t\t<svg aria-hidden=\"true\" class=\"e-font-icon-svg e-fas-long-arrow-alt-left\" viewBox=\"0 0 448 512\" xmlns=\"http:\/\/www.w3.org\/2000\/svg\"><path d=\"M134.059 296H436c6.627 0 12-5.373 12-12v-56c0-6.627-5.373-12-12-12H134.059v-46.059c0-21.382-25.851-32.09-40.971-16.971L7.029 239.029c-9.373 9.373-9.373 24.569 0 33.941l86.059 86.059c15.119 15.119 40.971 4.411 40.971-16.971V296z\"><\/path><\/svg>\t\t\t<\/span>\n\t\t\t\t\t\t\t\t\t<span class=\"elementor-button-text\">go back<\/span>\n\t\t\t\t\t<\/span>\n\t\t\t\t\t<\/a>\n\t\t\t\t\t\t\t\t<\/div>\n\t\t\t\t\t<\/div>\n\t\t\t\t<\/div>\n\t\t<div class=\"elementor-element elementor-element-bbe4ea9 e-flex e-con-boxed e-con e-parent\" data-id=\"bbe4ea9\" data-element_type=\"container\" data-e-type=\"container\">\n\t\t\t\t\t<div class=\"e-con-inner\">\n\t\t\t\t<div class=\"elementor-element elementor-element-6d2d2051 elementor-widget-divider--view-line elementor-widget elementor-widget-divider\" data-id=\"6d2d2051\" data-element_type=\"widget\" data-e-type=\"widget\" data-widget_type=\"divider.default\">\n\t\t\t\t\t\t\t<div class=\"elementor-divider\">\n\t\t\t<span class=\"elementor-divider-separator\">\n\t\t\t\t\t\t<\/span>\n\t\t<\/div>\n\t\t\t\t\t\t<\/div>\n\t\t\t\t\t<\/div>\n\t\t\t\t<\/div>\n\t\t\t\t<\/div>\n\t\t","protected":false},"excerpt":{"rendered":"<p>THE TEAM go back Marcos Rolim da Silva is a Ph.D. candidate and holds a Master\u2019s degree in Civil Procedure from the University of S\u00e3o Paulo (USP) Law School. He earned his law degree from the Federal University of Par\u00e1.He is a member of the Special Committee on Civil Procedure of the S\u00e3o Paulo State [&hellip;]<\/p>\n","protected":false},"author":1,"featured_media":0,"parent":1510,"menu_order":0,"comment_status":"closed","ping_status":"closed","template":"elementor_header_footer","meta":{"footnotes":"","_links_to":"","_links_to_target":""},"class_list":["post-1599","page","type-page","status-publish","hentry"],"_links":{"self":[{"href":"https:\/\/loboelira.com.br\/en\/wp-json\/wp\/v2\/pages\/1599","targetHints":{"allow":["GET"]}}],"collection":[{"href":"https:\/\/loboelira.com.br\/en\/wp-json\/wp\/v2\/pages"}],"about":[{"href":"https:\/\/loboelira.com.br\/en\/wp-json\/wp\/v2\/types\/page"}],"author":[{"embeddable":true,"href":"https:\/\/loboelira.com.br\/en\/wp-json\/wp\/v2\/users\/1"}],"replies":[{"embeddable":true,"href":"https:\/\/loboelira.com.br\/en\/wp-json\/wp\/v2\/comments?post=1599"}],"version-history":[{"count":1,"href":"https:\/\/loboelira.com.br\/en\/wp-json\/wp\/v2\/pages\/1599\/revisions"}],"predecessor-version":[{"id":1600,"href":"https:\/\/loboelira.com.br\/en\/wp-json\/wp\/v2\/pages\/1599\/revisions\/1600"}],"up":[{"embeddable":true,"href":"https:\/\/loboelira.com.br\/en\/wp-json\/wp\/v2\/pages\/1510"}],"wp:attachment":[{"href":"https:\/\/loboelira.com.br\/en\/wp-json\/wp\/v2\/media?parent=1599"}],"curies":[{"name":"wp","href":"https:\/\/api.w.org\/{rel}","templated":true}]}}